{"id":107,"date":"2017-01-08T12:46:05","date_gmt":"2017-01-08T10:46:05","guid":{"rendered":"http:\/\/sav.productdemo.net\/conference\/?page_id=107"},"modified":"2026-01-13T09:29:24","modified_gmt":"2026-01-13T07:29:24","slug":"fees","status":"publish","type":"page","link":"http:\/\/www.euroinvent.org\/conference\/registration\/fees\/","title":{"rendered":"Fees"},"content":{"rendered":"<p style=\"text-align: center;\"><strong>REGISTRATION FEES<\/strong><\/p>\n<p>The registration fee for Conference delegates is 380 EURO.<br \/>\n<strong>\u00a0 <em><span style=\"font-size: small;\">Outstanding scientists can get Special Vouchers with discounts.<\/span><\/em><em><br \/>\n<\/em><em>\u00a0\u00a0\u00a0\u00a0<span style=\"font-size: small;\"> MSc and PhD Students can apply for Student Vouchers for discount with a request &amp; motivation email.<\/span><\/em><\/strong><\/p>\n<table border=\"0\" width=\"62%\">\n<tbody>\n<tr>\n<td>Author<\/td>\n<td align=\"center\" valign=\"middle\">380 EURO<\/td>\n<\/tr>\n<tr>\n<td>PhD student<\/td>\n<td align=\"center\" valign=\"middle\">280 EURO<\/td>\n<\/tr>\n<tr>\n<td><\/td>\n<td align=\"center\" valign=\"middle\"><\/td>\n<\/tr>\n<\/tbody>\n<\/table>\n<p><span style=\"font-size: small;\">Each paid registration covers only one presentation. <\/span><span style=\"font-size: small;\">At least one author for each accepted presentation must pre-register<strong>. <em>Accompanying person<\/em> fee is 150 EUR (includes Cocktail dinner).\u00a0\u00a0<\/strong><\/span><br \/>\n<span style=\"font-size: small;\">Payment of fee must accompany all registration forms. All authors should pay the registration fee to Forumul Inventatorilor Romani (Romanian Inventors Forum) EURO &#8211; LEI equivalent.\u00a0 <strong>Payment will be done after confirming the registration and receiving the Invoice (payment details are provided in the invoice).\u00a0<\/strong><\/span><\/p>\n<p><span style=\"font-size: small;\">&#8211; Please note that the paid registration fee cannot be refunded if you can not participate in the conference.<\/span><br \/>\n<span style=\"font-size: small;\"><strong>Registration Fee Includes:<\/strong>\u00a0 Participation in the technical program, Badge, Conference bag, Conference abstract book, Lunch, Cocktail dinner and participation at the Associated Main Event &#8211; Euroinvent.<\/span><\/p>\n<h6><strong>Details for Payment:<\/strong><br \/>\n<small>Account owner: Forumul Inventatorilor Romani<\/small><br \/>\n<small>Address: Sf. P. Movila 3, Iasi, Romania<\/small><br \/>\n<small>Fiscal code\u00a0: 15950343<\/small><br \/>\n<small>Bank: BRD \u2013 Groupe Soci\u00e9t\u00e9 G\u00e9n\u00e9rale, Brench Iasi<\/small><br \/>\n<small>Bank Address: Bd. A. Panu 2, Iasi, Romania<\/small><br \/>\n<small>(EUR) Account: RO19 BRDE 240S V306 7680 2400<\/small><br \/>\n<small>(RON) Account: RO74 BRDE 240S V235 3553 2400<\/small><br \/>\n<small>SWIFT BRDEROBU<\/small><\/h6>\n","protected":false},"excerpt":{"rendered":"<p>REGISTRATION FEES The registration fee for Conference delegates is 380 EURO. \u00a0 Outstanding scientists can get Special Vouchers with discounts. \u00a0\u00a0\u00a0\u00a0 MSc and PhD Students can apply for Student Vouchers for discount with a request &amp; motivation email. Author 380 EURO PhD student 280 EURO Each paid registration covers only one presentation. At least one &hellip;<\/p>\n","protected":false},"author":1,"featured_media":0,"parent":13,"menu_order":0,"comment_status":"closed","ping_status":"closed","template":"","meta":{"footnotes":""},"class_list":["post-107","page","type-page","status-publish","hentry"],"_links":{"self":[{"href":"http:\/\/www.euroinvent.org\/conference\/wp-json\/wp\/v2\/pages\/107","targetHints":{"allow":["GET"]}}],"collection":[{"href":"http:\/\/www.euroinvent.org\/conference\/wp-json\/wp\/v2\/pages"}],"about":[{"href":"http:\/\/www.euroinvent.org\/conference\/wp-json\/wp\/v2\/types\/page"}],"author":[{"embeddable":true,"href":"http:\/\/www.euroinvent.org\/conference\/wp-json\/wp\/v2\/users\/1"}],"replies":[{"embeddable":true,"href":"http:\/\/www.euroinvent.org\/conference\/wp-json\/wp\/v2\/comments?post=107"}],"version-history":[{"count":27,"href":"http:\/\/www.euroinvent.org\/conference\/wp-json\/wp\/v2\/pages\/107\/revisions"}],"predecessor-version":[{"id":1525,"href":"http:\/\/www.euroinvent.org\/conference\/wp-json\/wp\/v2\/pages\/107\/revisions\/1525"}],"up":[{"embeddable":true,"href":"http:\/\/www.euroinvent.org\/conference\/wp-json\/wp\/v2\/pages\/13"}],"wp:attachment":[{"href":"http:\/\/www.euroinvent.org\/conference\/wp-json\/wp\/v2\/media?parent=107"}],"curies":[{"name":"wp","href":"https:\/\/api.w.org\/{rel}","templated":true}]}}