{"id":28,"date":"2017-01-05T16:03:25","date_gmt":"2017-01-05T16:03:25","guid":{"rendered":"http:\/\/sav.productdemo.net\/conference\/?page_id=28"},"modified":"2026-04-17T15:20:02","modified_gmt":"2026-04-17T13:20:02","slug":"contact","status":"publish","type":"page","link":"http:\/\/www.euroinvent.org\/conference\/contact\/","title":{"rendered":"Contact"},"content":{"rendered":"<section id=\"builder-section-text_11\" class=\"builder-section-first builder-section builder-section-text builder-section-last builder-text-columns-2\" style=\"background-size: cover; background-repeat: no-repeat;background-position: center center;\">\n<div class=\"builder-section-content\">\n<div class=\"builder-text-row\">\n<div class=\"builder-text-column builder-text-column-1\" id=\"builder-section-text_11-column-1\">\n<div class=\"builder-text-content\">\n<p>\u00a0<\/p>\n<p><span style=\"font-size: small;\">President of Romanian Inventors Forum<\/span><br \/>Prof.Ph.D.Eng.Habil. <strong>Andrei Victor SANDU<\/strong><br \/><small>The Gheorghe Asachi Technical University of Iasi<\/small><\/p>\n<p>E-mail: euroinvent@yahoo.com<br \/>\u00a0\u00a0\u00a0\u00a0\u00a0 \u00a0\u00a0\u00a0\u00a0 \u00a0 euroinvent.org@gmail.com<br \/>Tel: \u00a0\u00a0\u00a0\u00a0 +40-745-438604<\/p>\n<hr \/><\/div>\n<\/p><\/div>\n<div class=\"builder-text-column builder-text-column-2\" id=\"builder-section-text_11-column-2\">\n<div class=\"builder-text-content\">\n<p>\u00a0<\/p>\n<p><strong>Any payment should be done to:<\/strong><br \/><small>Account owner: Forumul Inventatorilor Romani<\/small><br \/><small>Address: Sf. P. Movila 3, Iasi, Romania<\/small><br \/><small>Fiscal code\u00a0: 15950343<\/small><br \/><small>Bank: BRD \u2013 Groupe Soci\u00e9t\u00e9 G\u00e9n\u00e9rale, Brench Iasi<\/small><br \/><small>Bank Address: Bd. A. Panu 2, Iasi, Romania<\/small><br \/><small>(EUR) Account: RO19 BRDE 240S V306 7680 2400<\/small><br \/><small>(RON) Account: RO74 BRDE 240S V235 3553 2400<\/small><br \/><small>SWIFT BRDEROBU<\/small><\/p>\n<\/p><\/div>\n<\/p><\/div>\n<\/p><\/div>\n<\/p><\/div>\n<\/section>\n","protected":false},"excerpt":{"rendered":"<p>\u00a0 President of Romanian Inventors ForumProf.Ph.D.Eng.Habil. Andrei Victor SANDUThe Gheorghe Asachi Technical University of Iasi E-mail: euroinvent@yahoo.com\u00a0\u00a0\u00a0\u00a0\u00a0 \u00a0\u00a0\u00a0\u00a0 \u00a0 euroinvent.org@gmail.comTel: \u00a0\u00a0\u00a0\u00a0 +40-745-438604 \u00a0 Any payment should be done to:Account owner: Forumul Inventatorilor RomaniAddress: Sf. P. Movila 3, Iasi, RomaniaFiscal code\u00a0: 15950343Bank: BRD \u2013 Groupe Soci\u00e9t\u00e9 G\u00e9n\u00e9rale, Brench IasiBank Address: Bd. A. Panu 2, Iasi, Romania(EUR) &hellip;<\/p>\n","protected":false},"author":1,"featured_media":0,"parent":0,"menu_order":0,"comment_status":"closed","ping_status":"closed","template":"template-builder.php","meta":{"footnotes":""},"class_list":["post-28","page","type-page","status-publish","hentry"],"_links":{"self":[{"href":"http:\/\/www.euroinvent.org\/conference\/wp-json\/wp\/v2\/pages\/28","targetHints":{"allow":["GET"]}}],"collection":[{"href":"http:\/\/www.euroinvent.org\/conference\/wp-json\/wp\/v2\/pages"}],"about":[{"href":"http:\/\/www.euroinvent.org\/conference\/wp-json\/wp\/v2\/types\/page"}],"author":[{"embeddable":true,"href":"http:\/\/www.euroinvent.org\/conference\/wp-json\/wp\/v2\/users\/1"}],"replies":[{"embeddable":true,"href":"http:\/\/www.euroinvent.org\/conference\/wp-json\/wp\/v2\/comments?post=28"}],"version-history":[{"count":4,"href":"http:\/\/www.euroinvent.org\/conference\/wp-json\/wp\/v2\/pages\/28\/revisions"}],"predecessor-version":[{"id":1572,"href":"http:\/\/www.euroinvent.org\/conference\/wp-json\/wp\/v2\/pages\/28\/revisions\/1572"}],"wp:attachment":[{"href":"http:\/\/www.euroinvent.org\/conference\/wp-json\/wp\/v2\/media?parent=28"}],"curies":[{"name":"wp","href":"https:\/\/api.w.org\/{rel}","templated":true}]}}